{"id":5,"date":"2025-04-25T15:14:22","date_gmt":"2025-04-25T15:14:22","guid":{"rendered":"https:\/\/lifeplanningguide.com\/sample-home-page\/"},"modified":"2025-05-15T12:16:38","modified_gmt":"2025-05-15T12:16:38","slug":"home","status":"publish","type":"page","link":"https:\/\/lifeplanningguide.com\/es\/","title":{"rendered":"Gu\u00eda de planificaci\u00f3n de vida Inicio"},"content":{"rendered":"<h1>Acerca de la planificaci\u00f3n de vida<\/h1>\n<p>La planificaci\u00f3n de la vida es el proceso de pensar intencionalmente en el futuro que deseas y crear una hoja de ruta personal para llegar all\u00ed.<\/p>\n<p>Se trata de establecer metas, tomar decisiones y organizar su tiempo, energ\u00eda y recursos en torno a lo que m\u00e1s le importa, ya sea el \u00e9xito profesional, el crecimiento personal, las relaciones significativas o la salud y la felicidad.<\/p>\n<p>Planificar la vida no consiste en predecir el futuro a la perfecci\u00f3n: se trata de darse una direcci\u00f3n y flexibilidad para poder navegar los giros y vueltas de la vida con confianza.<\/p>\n<p>\t\t\t\t\t\t\t\t\t\t\t\t\t\t\t<img loading=\"lazy\" decoding=\"async\" width=\"600\" height=\"900\" src=\"https:\/\/lifeplanningguide.com\/wp-content\/uploads\/2025\/05\/lifeplanningguidetallimage-min.webp\" alt=\"low angle of cross walk in city\" srcset=\"https:\/\/lifeplanningguide.com\/wp-content\/uploads\/2025\/05\/lifeplanningguidetallimage-min.webp 600w, https:\/\/lifeplanningguide.com\/wp-content\/uploads\/2025\/05\/lifeplanningguidetallimage-min-200x300.webp 200w, https:\/\/lifeplanningguide.com\/wp-content\/uploads\/2025\/05\/lifeplanningguidetallimage-min-8x12.webp 8w\" sizes=\"auto, (max-width: 600px) 100vw, 600px\" \/><br \/>\n\t\t\t\t\t\t\t\t\t\t\t\t\t\t\t<img loading=\"lazy\" decoding=\"async\" width=\"800\" height=\"800\" src=\"https:\/\/lifeplanningguide.com\/wp-content\/uploads\/2025\/05\/lpg-reflect.webp\" alt=\"person facing sunset reflecting\" srcset=\"https:\/\/lifeplanningguide.com\/wp-content\/uploads\/2025\/05\/lpg-reflect.webp 900w, https:\/\/lifeplanningguide.com\/wp-content\/uploads\/2025\/05\/lpg-reflect-300x300.png 300w, https:\/\/lifeplanningguide.com\/wp-content\/uploads\/2025\/05\/lpg-reflect-150x150.png 150w, https:\/\/lifeplanningguide.com\/wp-content\/uploads\/2025\/05\/lpg-reflect-768x768.png 768w, https:\/\/lifeplanningguide.com\/wp-content\/uploads\/2025\/05\/lpg-reflect-12x12.png 12w\" sizes=\"auto, (max-width: 800px) 100vw, 800px\" \/>\t\t\t\t\t\t\t\t\t\t\t\t\t\t\t<\/p>\n<h2>Reflejar<\/h2>\n<p>Al reflexionar, te tomas el tiempo para considerar tus experiencias, valores, objetivos o decisiones de forma reflexiva y significativa. Se suele usar para fomentar la introspecci\u00f3n: mirar hacia dentro para comprender tus sentimientos, creencias y deseos.<\/p>\n<h2>Plan<\/h2>\n<p>En la planificaci\u00f3n de vida, \u201cplan\u201d se refiere a crear una hoja de ruta organizada para ayudarle a alcanzar metas personales y vivir intencionalmente.<\/p>\n<p>\t\t\t\t\t\t\t\t\t\t\t\t\t\t\t<img loading=\"lazy\" decoding=\"async\" width=\"800\" height=\"800\" src=\"https:\/\/lifeplanningguide.com\/wp-content\/uploads\/2025\/05\/lpg-plan.webp\" alt=\"person facing wall with various planning related drawings\" srcset=\"https:\/\/lifeplanningguide.com\/wp-content\/uploads\/2025\/05\/lpg-plan.webp 900w, https:\/\/lifeplanningguide.com\/wp-content\/uploads\/2025\/05\/lpg-plan-300x300.webp 300w, https:\/\/lifeplanningguide.com\/wp-content\/uploads\/2025\/05\/lpg-plan-150x150.webp 150w, https:\/\/lifeplanningguide.com\/wp-content\/uploads\/2025\/05\/lpg-plan-768x768.webp 768w, https:\/\/lifeplanningguide.com\/wp-content\/uploads\/2025\/05\/lpg-plan-12x12.webp 12w\" sizes=\"auto, (max-width: 800px) 100vw, 800px\" \/><br \/>\n\t\t\t\t\t\t\t\t\t\t\t\t\t\t\t<img loading=\"lazy\" decoding=\"async\" width=\"800\" height=\"800\" src=\"https:\/\/lifeplanningguide.com\/wp-content\/uploads\/2025\/05\/lpg-act2.webp\" alt=\"wood cut outs of figure walking up floating steps\" srcset=\"https:\/\/lifeplanningguide.com\/wp-content\/uploads\/2025\/05\/lpg-act2.webp 900w, https:\/\/lifeplanningguide.com\/wp-content\/uploads\/2025\/05\/lpg-act2-300x300.webp 300w, https:\/\/lifeplanningguide.com\/wp-content\/uploads\/2025\/05\/lpg-act2-150x150.webp 150w, https:\/\/lifeplanningguide.com\/wp-content\/uploads\/2025\/05\/lpg-act2-768x768.webp 768w, https:\/\/lifeplanningguide.com\/wp-content\/uploads\/2025\/05\/lpg-act2-12x12.webp 12w\" sizes=\"auto, (max-width: 800px) 100vw, 800px\" \/>\t\t\t\t\t\t\t\t\t\t\t\t\t\t\t<\/p>\n<h2>Acto<\/h2>\n<p>En la planificaci\u00f3n de vida, \u201cactuar\u201d implica convertir tu visi\u00f3n y tus objetivos en pasos reales: es donde el pensamiento se convierte en acci\u00f3n.<\/p>\n<h2>&#8220;Every step you take brings you closer to your well planned life.&#8221;<\/h2>\n<h3>Comienza tu viaje<\/h3>\n<p>Descargue su hoja de trabajo de planificaci\u00f3n de vida gratuita y comience hoy mismo.<\/p>\n<p>\t\t\t\t\t<a href=\"https:\/\/lifeplanningguide.com\/wp-content\/uploads\/2025\/05\/Guia_Planificacion_de_Vida_ES.pdf\" target=\"_blank\" rel=\"nofollow\"><br \/>\n\t\t\t\t\t\t\t\t\tGu\u00eda de planificaci\u00f3n de vida en formato PDF<br \/>\n\t\t\t\t\t<\/a><\/p>","protected":false},"excerpt":{"rendered":"<p>Acerca de la planificaci\u00f3n de vida. La planificaci\u00f3n de vida es el proceso de pensar intencionalmente en el futuro que deseas y crear una hoja de ruta personal para alcanzarlo. Se trata de establecer metas, tomar decisiones y organizar tu tiempo, energ\u00eda y recursos en torno a lo que m\u00e1s te importa, ya sea el \u00e9xito profesional, el crecimiento personal, las relaciones significativas o la salud y [\u2026]<\/p>","protected":false},"author":2,"featured_media":0,"parent":0,"menu_order":0,"comment_status":"closed","ping_status":"closed","template":"","meta":{"footnotes":""},"class_list":["post-5","page","type-page","status-publish","hentry"],"_links":{"self":[{"href":"https:\/\/lifeplanningguide.com\/es\/wp-json\/wp\/v2\/pages\/5","targetHints":{"allow":["GET"]}}],"collection":[{"href":"https:\/\/lifeplanningguide.com\/es\/wp-json\/wp\/v2\/pages"}],"about":[{"href":"https:\/\/lifeplanningguide.com\/es\/wp-json\/wp\/v2\/types\/page"}],"author":[{"embeddable":true,"href":"https:\/\/lifeplanningguide.com\/es\/wp-json\/wp\/v2\/users\/2"}],"replies":[{"embeddable":true,"href":"https:\/\/lifeplanningguide.com\/es\/wp-json\/wp\/v2\/comments?post=5"}],"version-history":[{"count":25,"href":"https:\/\/lifeplanningguide.com\/es\/wp-json\/wp\/v2\/pages\/5\/revisions"}],"predecessor-version":[{"id":237,"href":"https:\/\/lifeplanningguide.com\/es\/wp-json\/wp\/v2\/pages\/5\/revisions\/237"}],"wp:attachment":[{"href":"https:\/\/lifeplanningguide.com\/es\/wp-json\/wp\/v2\/media?parent=5"}],"curies":[{"name":"wp","href":"https:\/\/api.w.org\/{rel}","templated":true}]}}